{"id":5,"date":"2014-05-22T19:00:00","date_gmt":"2014-05-22T19:00:00","guid":{"rendered":"http:\/\/amussol.org.do\/web\/?page_id=5"},"modified":"2025-12-08T15:53:24","modified_gmt":"2025-12-08T19:53:24","slug":"quienes-somos","status":"publish","type":"page","link":"https:\/\/amussol.org.do\/?page_id=5","title":{"rendered":"\u00bfQUIENES SOMOS?"},"content":{"rendered":"<figure><figcaption><\/figcaption><\/figure>\n<p><a href=\"http:\/\/amussol.org.do\/wp-content\/uploads\/2025\/08\/Proyecto-nuevo-8.png\"><img decoding=\"async\" class=\"alignnone wp-image-2625 size-medium\" src=\"http:\/\/amussol.org.do\/wp-content\/uploads\/2025\/08\/Proyecto-nuevo-8-300x30.png\" alt=\"\" width=\"300\" height=\"30\" srcset=\"https:\/\/amussol.org.do\/wp-content\/uploads\/2025\/08\/Proyecto-nuevo-8-300x30.png 300w, https:\/\/amussol.org.do\/wp-content\/uploads\/2025\/08\/Proyecto-nuevo-8-1024x103.png 1024w, https:\/\/amussol.org.do\/wp-content\/uploads\/2025\/08\/Proyecto-nuevo-8-768x78.png 768w, https:\/\/amussol.org.do\/wp-content\/uploads\/2025\/08\/Proyecto-nuevo-8.png 1080w\" sizes=\"(max-width: 300px) 100vw, 300px\" \/><\/a><\/p>\n<p style=\"text-align: justify;\">Una\u00a0mutual que se encarga de promover, organizar y brindar servicios solidarios, en diferentes \u00e1reas sociales; en beneficio de la clase trabajadora del campo y la ciudad, somos una instituci\u00f3n sin fines de lucro. con el fin de promover la solidaridad como un organismo especializado de la Confederaci\u00f3n Aut\u00f3noma Sindical Clasista CASC.<\/p>\n<div style=\"width: 720px;\" class=\"wp-video\"><!--[if lt IE 9]><script>document.createElement('video');<\/script><![endif]-->\n<video class=\"wp-video-shortcode\" id=\"video-5-1\" width=\"720\" height=\"720\" poster=\"http:\/\/amussol.org.do\/wp-content\/uploads\/2025\/08\/Proyecto-nuevo-3-2.jpg\" loop=\"1\" autoplay=\"1\" preload=\"metadata\" controls=\"controls\"><source type=\"video\/mp4\" src=\"http:\/\/amussol.org.do\/wp-content\/uploads\/2025\/08\/202508251612-2.mp4?_=1\" \/><a href=\"http:\/\/amussol.org.do\/wp-content\/uploads\/2025\/08\/202508251612-2.mp4\">http:\/\/amussol.org.do\/wp-content\/uploads\/2025\/08\/202508251612-2.mp4<\/a><\/video><\/div>\n<p>&nbsp;<\/p>\n<p><a href=\"http:\/\/amussol.org.do\/wp-content\/uploads\/2025\/08\/Proyecto-nuevo-2-1.png\"><img decoding=\"async\" class=\"alignnone wp-image-2628 size-medium\" src=\"http:\/\/amussol.org.do\/wp-content\/uploads\/2025\/08\/Proyecto-nuevo-2-1-300x30.png\" alt=\"\" width=\"300\" height=\"30\" srcset=\"https:\/\/amussol.org.do\/wp-content\/uploads\/2025\/08\/Proyecto-nuevo-2-1-300x30.png 300w, https:\/\/amussol.org.do\/wp-content\/uploads\/2025\/08\/Proyecto-nuevo-2-1-1024x103.png 1024w, https:\/\/amussol.org.do\/wp-content\/uploads\/2025\/08\/Proyecto-nuevo-2-1-768x78.png 768w, https:\/\/amussol.org.do\/wp-content\/uploads\/2025\/08\/Proyecto-nuevo-2-1.png 1080w\" sizes=\"(max-width: 300px) 100vw, 300px\" \/><\/a><\/p>\n<p style=\"text-align: justify;\">Propiciar la participaci\u00f3n e integraci\u00f3n de todos\/as los trabajadores\/as en el Sistema Dominicano de Seguridad Social (SDSS), fomentando en los mismos, el derecho a la Protecci\u00f3n Social mediante una conciencia solidaria y humanista que contribuya a la trasformaci\u00f3n de la sociedad dominicana.<\/p>\n<p><a href=\"http:\/\/amussol.org.do\/wp-content\/uploads\/2025\/08\/quienes-somos.jpg\"><img fetchpriority=\"high\" decoding=\"async\" class=\"wp-image-2190 size-full alignnone\" src=\"http:\/\/amussol.org.do\/wp-content\/uploads\/2025\/08\/quienes-somos.jpg\" alt=\"\" width=\"1536\" height=\"1024\" srcset=\"https:\/\/amussol.org.do\/wp-content\/uploads\/2025\/08\/quienes-somos.jpg 1536w, https:\/\/amussol.org.do\/wp-content\/uploads\/2025\/08\/quienes-somos-300x200.jpg 300w, https:\/\/amussol.org.do\/wp-content\/uploads\/2025\/08\/quienes-somos-1024x683.jpg 1024w, https:\/\/amussol.org.do\/wp-content\/uploads\/2025\/08\/quienes-somos-768x512.jpg 768w\" sizes=\"(max-width: 1536px) 100vw, 1536px\" \/><\/a><\/p>\n<p><a href=\"http:\/\/amussol.org.do\/wp-content\/uploads\/2025\/08\/Proyecto-nuevo-5-1.png\"><img loading=\"lazy\" decoding=\"async\" class=\"alignnone wp-image-2627 size-medium\" src=\"http:\/\/amussol.org.do\/wp-content\/uploads\/2025\/08\/Proyecto-nuevo-5-1-300x30.png\" alt=\"\" width=\"300\" height=\"30\" srcset=\"https:\/\/amussol.org.do\/wp-content\/uploads\/2025\/08\/Proyecto-nuevo-5-1-300x30.png 300w, https:\/\/amussol.org.do\/wp-content\/uploads\/2025\/08\/Proyecto-nuevo-5-1-1024x103.png 1024w, https:\/\/amussol.org.do\/wp-content\/uploads\/2025\/08\/Proyecto-nuevo-5-1-768x78.png 768w, https:\/\/amussol.org.do\/wp-content\/uploads\/2025\/08\/Proyecto-nuevo-5-1.png 1080w\" sizes=\"(max-width: 300px) 100vw, 300px\" \/><\/a><\/p>\n<p style=\"text-align: justify;\">Ser en un \u00f3rgano gestor y promotor del derecho a la Protecci\u00f3n Social de los trabajadores\/as de la econom\u00eda informal promoviendo su participaci\u00f3n al Sistema Dominicano de la Seguridad Social, mejorando su calidad de vida y haci\u00e9ndolos part\u00edcipe de su propio desarrollo como ser humano.<\/p>\n<p>&nbsp;<\/p>\n<p><strong> <a href=\"http:\/\/amussol.org.do\/wp-content\/uploads\/2025\/12\/Gemini_Generated_Image_1sju311sju311sju-1-1.jpg\"><img loading=\"lazy\" decoding=\"async\" class=\"alignnone wp-image-3449 size-full\" src=\"http:\/\/amussol.org.do\/wp-content\/uploads\/2025\/12\/Gemini_Generated_Image_1sju311sju311sju-1-1.jpg\" alt=\"\" width=\"1344\" height=\"768\" srcset=\"https:\/\/amussol.org.do\/wp-content\/uploads\/2025\/12\/Gemini_Generated_Image_1sju311sju311sju-1-1.jpg 1344w, https:\/\/amussol.org.do\/wp-content\/uploads\/2025\/12\/Gemini_Generated_Image_1sju311sju311sju-1-1-300x171.jpg 300w, https:\/\/amussol.org.do\/wp-content\/uploads\/2025\/12\/Gemini_Generated_Image_1sju311sju311sju-1-1-1024x585.jpg 1024w, https:\/\/amussol.org.do\/wp-content\/uploads\/2025\/12\/Gemini_Generated_Image_1sju311sju311sju-1-1-768x439.jpg 768w\" sizes=\"(max-width: 1344px) 100vw, 1344px\" \/><\/a><\/strong><\/p>\n<h2 style=\"text-align: center;\"><strong><a href=\"http:\/\/amussol.org.do\/wp-content\/uploads\/2025\/08\/Proyecto-nuevo-6-1.png\"><img loading=\"lazy\" decoding=\"async\" class=\"wp-image-2629 alignleft\" src=\"http:\/\/amussol.org.do\/wp-content\/uploads\/2025\/08\/Proyecto-nuevo-6-1-1024x74.png\" alt=\"\" width=\"540\" height=\"39\" srcset=\"https:\/\/amussol.org.do\/wp-content\/uploads\/2025\/08\/Proyecto-nuevo-6-1-1024x74.png 1024w, https:\/\/amussol.org.do\/wp-content\/uploads\/2025\/08\/Proyecto-nuevo-6-1-300x22.png 300w, https:\/\/amussol.org.do\/wp-content\/uploads\/2025\/08\/Proyecto-nuevo-6-1-768x56.png 768w, https:\/\/amussol.org.do\/wp-content\/uploads\/2025\/08\/Proyecto-nuevo-6-1.png 1500w\" sizes=\"(max-width: 540px) 100vw, 540px\" \/><\/a>\u00a0<\/strong><\/h2>\n<p>&nbsp;<\/p>\n<p style=\"line-height: normal; background-image: initial; background-position: initial; background-size: initial; background-repeat: initial; background-attachment: initial; background-origin: initial; background-clip: initial; text-align: justify;\">Mejorar continuamente la calidad de los servicios para informar y orientar a los trabajadores sobre el derecho a la protecci\u00f3n social, los beneficios que ofrece el Sistema Dominicano de Seguridad Social y la gesti\u00f3n para incorporarlo al Sistema.<\/p>\n<p>&nbsp;<\/p>\n<p style=\"text-align: center;\"><strong><a href=\"http:\/\/amussol.org.do\/wp-content\/uploads\/2025\/08\/Proyecto-nuevo-7-1.png\"><img loading=\"lazy\" decoding=\"async\" class=\"wp-image-2630 alignleft\" src=\"http:\/\/amussol.org.do\/wp-content\/uploads\/2025\/08\/Proyecto-nuevo-7-1.png\" alt=\"\" width=\"519\" height=\"38\" srcset=\"https:\/\/amussol.org.do\/wp-content\/uploads\/2025\/08\/Proyecto-nuevo-7-1.png 1500w, https:\/\/amussol.org.do\/wp-content\/uploads\/2025\/08\/Proyecto-nuevo-7-1-300x22.png 300w, https:\/\/amussol.org.do\/wp-content\/uploads\/2025\/08\/Proyecto-nuevo-7-1-1024x74.png 1024w, https:\/\/amussol.org.do\/wp-content\/uploads\/2025\/08\/Proyecto-nuevo-7-1-768x56.png 768w\" sizes=\"(max-width: 519px) 100vw, 519px\" \/><\/a>\u00a0 \u00a0 \u00a0 <\/strong><\/p>\n<p>&nbsp;<\/p>\n<ul>\n<li style=\"text-align: justify;\">Promover el acceso a la Protecci\u00f3n Social de todos\/as<\/li>\n<li style=\"text-align: justify;\">Cumplir permanente con las normativas del Sistema Dominicano de Seguridad Social (SDSS).<\/li>\n<li style=\"text-align: justify;\">Mantener actualizado el sistema de gesti\u00f3n con el uso de las nuevas tecnolog\u00edas.<\/li>\n<li style=\"text-align: justify;\">Garantizar el cumplimiento del plan operativo de la instituci\u00f3n.<\/li>\n<li style=\"text-align: justify;\">Mejorar continuamente los procesos de gesti\u00f3n.<\/li>\n<li style=\"text-align: justify;\">Aumentar el nivel de satisfacci\u00f3n de nuestros afiliados.<\/li>\n<li style=\"text-align: justify;\">Ser m\u00e1s eficiente en los servicios adicionales que ofrece la instituci\u00f3n tales como, los planes voluntarios,<\/li>\n<li style=\"text-align: justify;\">plan de \u00faltimos gastos y servicios jur\u00eddicos.<\/li>\n<\/ul>\n<p><a href=\"http:\/\/amussol.org.do\/wp-content\/uploads\/2025\/12\/Gemini_Generated_Image_bb74bpbb74bpbb74.jpg\"><img loading=\"lazy\" decoding=\"async\" class=\"alignnone wp-image-3453 \" src=\"http:\/\/amussol.org.do\/wp-content\/uploads\/2025\/12\/Gemini_Generated_Image_bb74bpbb74bpbb74.jpg\" alt=\"\" width=\"1335\" height=\"804\" srcset=\"https:\/\/amussol.org.do\/wp-content\/uploads\/2025\/12\/Gemini_Generated_Image_bb74bpbb74bpbb74.jpg 1222w, https:\/\/amussol.org.do\/wp-content\/uploads\/2025\/12\/Gemini_Generated_Image_bb74bpbb74bpbb74-300x181.jpg 300w, https:\/\/amussol.org.do\/wp-content\/uploads\/2025\/12\/Gemini_Generated_Image_bb74bpbb74bpbb74-1024x617.jpg 1024w, https:\/\/amussol.org.do\/wp-content\/uploads\/2025\/12\/Gemini_Generated_Image_bb74bpbb74bpbb74-768x463.jpg 768w\" sizes=\"(max-width: 1335px) 100vw, 1335px\" \/><\/a><\/p>\n<p>&nbsp;<\/p>\n<p style=\"line-height: normal; background-image: initial; background-position: initial; background-size: initial; background-repeat: initial; background-attachment: initial; background-origin: initial; background-clip: initial; text-align: left;\"><strong>\u00a0<\/strong><a href=\"http:\/\/amussol.org.do\/wp-content\/uploads\/2025\/08\/Proyecto-nuevo-8-1.png\"><img loading=\"lazy\" decoding=\"async\" class=\"alignnone wp-image-2631 \" src=\"http:\/\/amussol.org.do\/wp-content\/uploads\/2025\/08\/Proyecto-nuevo-8-1.png\" alt=\"\" width=\"506\" height=\"37\" srcset=\"https:\/\/amussol.org.do\/wp-content\/uploads\/2025\/08\/Proyecto-nuevo-8-1.png 1500w, https:\/\/amussol.org.do\/wp-content\/uploads\/2025\/08\/Proyecto-nuevo-8-1-300x22.png 300w, https:\/\/amussol.org.do\/wp-content\/uploads\/2025\/08\/Proyecto-nuevo-8-1-1024x74.png 1024w, https:\/\/amussol.org.do\/wp-content\/uploads\/2025\/08\/Proyecto-nuevo-8-1-768x56.png 768w\" sizes=\"(max-width: 506px) 100vw, 506px\" \/><\/a><\/p>\n<p style=\"text-align: left;\">Nuestros principios y valores est\u00e1n fundamentados en el humanismo cristiano de cada persona como hijo de Dios.<\/p>\n<p><a href=\"http:\/\/amussol.org.do\/wp-content\/uploads\/2025\/12\/Gemini_Generated_Image_5ypx8w5ypx8w5ypx-1.jpg\"><img loading=\"lazy\" decoding=\"async\" class=\"alignnone wp-image-3451 \" src=\"http:\/\/amussol.org.do\/wp-content\/uploads\/2025\/12\/Gemini_Generated_Image_5ypx8w5ypx8w5ypx-1.jpg\" alt=\"\" width=\"1316\" height=\"857\" srcset=\"https:\/\/amussol.org.do\/wp-content\/uploads\/2025\/12\/Gemini_Generated_Image_5ypx8w5ypx8w5ypx-1.jpg 1024w, https:\/\/amussol.org.do\/wp-content\/uploads\/2025\/12\/Gemini_Generated_Image_5ypx8w5ypx8w5ypx-1-300x195.jpg 300w, https:\/\/amussol.org.do\/wp-content\/uploads\/2025\/12\/Gemini_Generated_Image_5ypx8w5ypx8w5ypx-1-768x500.jpg 768w\" sizes=\"(max-width: 1316px) 100vw, 1316px\" \/><\/a><\/p>\n<h2 style=\"text-align: center;\"><span style=\"text-decoration: underline;\"><span style=\"color: #000000; text-decoration: underline;\">ORGANIGRAMA<\/span><\/span><\/h2>\n<p><a href=\"http:\/\/amussol.org.do\/wp-content\/uploads\/2025\/12\/esd.png\"><img loading=\"lazy\" decoding=\"async\" class=\"wp-image-3455 size-full aligncenter\" src=\"http:\/\/amussol.org.do\/wp-content\/uploads\/2025\/12\/esd.png\" alt=\"\" width=\"896\" height=\"1152\" srcset=\"https:\/\/amussol.org.do\/wp-content\/uploads\/2025\/12\/esd.png 896w, https:\/\/amussol.org.do\/wp-content\/uploads\/2025\/12\/esd-233x300.png 233w, https:\/\/amussol.org.do\/wp-content\/uploads\/2025\/12\/esd-796x1024.png 796w, https:\/\/amussol.org.do\/wp-content\/uploads\/2025\/12\/esd-768x987.png 768w\" sizes=\"(max-width: 896px) 100vw, 896px\" \/><\/a><\/p>\n<figure><\/figure>\n<h2><\/h2>\n<h2><\/h2>\n<h2><b style=\"text-indent: -18pt; color: #060000; font-family: var( --e-global-typography-text-font-family ), Sans-serif; text-align: var(--text-align); font-size: 16px;\">\u00a0<\/b><\/h2>\n","protected":false},"excerpt":{"rendered":"<p>Una\u00a0mutual que se encarga de promover, organizar y brindar servicios solidarios, en diferentes \u00e1reas sociales; en beneficio de la clase trabajadora del campo y la ciudad, somos una instituci\u00f3n sin fines de lucro. con el fin de promover la solidaridad como un organismo especializado de la Confederaci\u00f3n Aut\u00f3noma Sindical Clasista CASC. &nbsp; Propiciar la participaci\u00f3n [&hellip;]<\/p>\n","protected":false},"author":1,"featured_media":0,"parent":0,"menu_order":1,"comment_status":"open","ping_status":"open","template":"","meta":{"footnotes":""},"_links":{"self":[{"href":"https:\/\/amussol.org.do\/index.php?rest_route=\/wp\/v2\/pages\/5"}],"collection":[{"href":"https:\/\/amussol.org.do\/index.php?rest_route=\/wp\/v2\/pages"}],"about":[{"href":"https:\/\/amussol.org.do\/index.php?rest_route=\/wp\/v2\/types\/page"}],"author":[{"embeddable":true,"href":"https:\/\/amussol.org.do\/index.php?rest_route=\/wp\/v2\/users\/1"}],"replies":[{"embeddable":true,"href":"https:\/\/amussol.org.do\/index.php?rest_route=%2Fwp%2Fv2%2Fcomments&post=5"}],"version-history":[{"count":190,"href":"https:\/\/amussol.org.do\/index.php?rest_route=\/wp\/v2\/pages\/5\/revisions"}],"predecessor-version":[{"id":3456,"href":"https:\/\/amussol.org.do\/index.php?rest_route=\/wp\/v2\/pages\/5\/revisions\/3456"}],"wp:attachment":[{"href":"https:\/\/amussol.org.do\/index.php?rest_route=%2Fwp%2Fv2%2Fmedia&parent=5"}],"curies":[{"name":"wp","href":"https:\/\/api.w.org\/{rel}","templated":true}]}}