{"id":24,"date":"2014-05-22T19:05:43","date_gmt":"2014-05-22T19:05:43","guid":{"rendered":"http:\/\/amussol.org.do\/web\/?page_id=24"},"modified":"2025-12-18T14:49:45","modified_gmt":"2025-12-18T18:49:45","slug":"afiliacion","status":"publish","type":"page","link":"https:\/\/amussol.org.do\/?page_id=24","title":{"rendered":"AFILIACION"},"content":{"rendered":"<p>&nbsp;<\/p>\n<h3>\u00bfQui\u00e9nes pueden acceder a la seguridad social a trav\u00e9s de AMUSSOL?<\/h3>\n<p>&nbsp;<\/p>\n<p><a href=\"http:\/\/amussol.org.do\/wp-content\/uploads\/2025\/12\/upscalemedia-transformed-1-scaled.jpg\"><img fetchpriority=\"high\" decoding=\"async\" class=\"alignnone wp-image-3466 size-full\" src=\"http:\/\/amussol.org.do\/wp-content\/uploads\/2025\/12\/upscalemedia-transformed-1-scaled.jpg\" alt=\"\" width=\"2560\" height=\"1839\" srcset=\"https:\/\/amussol.org.do\/wp-content\/uploads\/2025\/12\/upscalemedia-transformed-1-scaled.jpg 2560w, https:\/\/amussol.org.do\/wp-content\/uploads\/2025\/12\/upscalemedia-transformed-1-300x216.jpg 300w, https:\/\/amussol.org.do\/wp-content\/uploads\/2025\/12\/upscalemedia-transformed-1-1024x736.jpg 1024w, https:\/\/amussol.org.do\/wp-content\/uploads\/2025\/12\/upscalemedia-transformed-1-768x552.jpg 768w, https:\/\/amussol.org.do\/wp-content\/uploads\/2025\/12\/upscalemedia-transformed-1-1536x1103.jpg 1536w, https:\/\/amussol.org.do\/wp-content\/uploads\/2025\/12\/upscalemedia-transformed-1-2048x1471.jpg 2048w\" sizes=\"(max-width: 2560px) 100vw, 2560px\" \/><\/a><\/p>\n<p>&nbsp;<\/p>\n<h3>Requisitos para ingresar al SDSS a trav\u00e9s de AMUSSOL &#8211; CASC<\/h3>\n<p><a href=\"http:\/\/amussol.org.do\/wp-content\/uploads\/2025\/12\/upscalemedia-transformed.png\"><img decoding=\"async\" class=\"alignnone wp-image-3464 size-full\" src=\"http:\/\/amussol.org.do\/wp-content\/uploads\/2025\/12\/upscalemedia-transformed.png\" alt=\"\" width=\"2368\" height=\"1728\" srcset=\"https:\/\/amussol.org.do\/wp-content\/uploads\/2025\/12\/upscalemedia-transformed.png 2368w, https:\/\/amussol.org.do\/wp-content\/uploads\/2025\/12\/upscalemedia-transformed-300x219.png 300w, https:\/\/amussol.org.do\/wp-content\/uploads\/2025\/12\/upscalemedia-transformed-1024x747.png 1024w, https:\/\/amussol.org.do\/wp-content\/uploads\/2025\/12\/upscalemedia-transformed-768x560.png 768w, https:\/\/amussol.org.do\/wp-content\/uploads\/2025\/12\/upscalemedia-transformed-1536x1121.png 1536w, https:\/\/amussol.org.do\/wp-content\/uploads\/2025\/12\/upscalemedia-transformed-2048x1494.png 2048w\" sizes=\"(max-width: 2368px) 100vw, 2368px\" \/><\/a><\/p>\n<p>Para realizar su afiliaci\u00f3n, Usted debe presentarse en la oficina de AMUSSOL con la siguiente documentaci\u00f3n:<\/p>\n<ul style=\"list-style-type: square;\">\n<li>Certificaci\u00f3n notariada del trabajo que realiza.<\/li>\n<li>Llenar y firmar formulario de AMUSSOL<\/li>\n<li>Llenar y firmar formulario de la ARS escogida.<\/li>\n<li>Llenar y firmar formulario de la AFP elegida.<\/li>\n<li>Firmar el contrato de gesti\u00f3n con AMUSSOL.<\/li>\n<li>Fotocopia de la c\u00e9dula del titular y de la esposa o pareja.<\/li>\n<li>Acta notariada de uni\u00f3n libre si no es casado.<\/li>\n<li>Fotocopia de acta de nacimiento de hijos menores de 18 a\u00f1os de edad.<\/li>\n<li>A partir de los 18 hasta 21 a\u00f1os de edad, los hijos podr\u00e1n seguir incluidos en n\u00facleo familiar si cumplen los siguientes requisitos:\n<ul>\n<li>a) Acta de nacimiento.<\/li>\n<li>b) Fotocopia de c\u00e9dula.<\/li>\n<li>c) Certificaci\u00f3n del centro donde estudia.<\/li>\n<\/ul>\n<\/li>\n<li>Para incluir a los padres o suegros el titular debe presentar fotocopia de las c\u00e9dulas, acta de nacimiento donde consta que son sus padres y hacer un pago adicional seg\u00fan lo establecido por la ley.<\/li>\n<li>Los hijos mayores de 21 a\u00f1os podr\u00edan ser incluidos presentando el acta de nacimiento, fotocopia de c\u00e9dula, certificaci\u00f3n del Ministerio de Trabajo donde conste que no est\u00e1 laborando en ninguna empresa y hacer un pago adicional seg\u00fan lo establecido por la ley<\/li>\n<\/ul>\n<h3>Solicitudes y documentos \u00a0para descargar<\/h3>\n<ul>\n<li><a href=\"http:\/\/amussol.org.do\/wp-content\/uploads\/2014\/05\/Contrato-de-gestion-solidaria.pdf\">Contrato de gesti\u00f3n solidaria<\/a><\/li>\n<li><a href=\"http:\/\/amussol.org.do\/wp-content\/uploads\/2014\/05\/Solicitud-de-inclusion-economia-informal.pdf\">Solicitud de inclusi<\/a><a href=\"http:\/\/amussol.org.do\/wp-content\/uploads\/2014\/05\/Contrato-de-gestion-solidaria.pdf\">\u00f3<\/a><a href=\"http:\/\/amussol.org.do\/wp-content\/uploads\/2014\/05\/Solicitud-de-inclusion-economia-informal.pdf\">n &#8211; econom\u00eda informal<\/a><\/li>\n<li><a href=\"http:\/\/amussol.org.do\/wp-content\/uploads\/2014\/05\/Solicitud-de-inclusion-seccion-agricola.pdf\">Solicitud de inclusi<\/a><a href=\"http:\/\/amussol.org.do\/wp-content\/uploads\/2014\/05\/Contrato-de-gestion-solidaria.pdf\">\u00f3<\/a><a href=\"http:\/\/amussol.org.do\/wp-content\/uploads\/2014\/05\/Solicitud-de-inclusion-seccion-agricola.pdf\">n &#8211; secci\u00f3n agr\u00edcola<\/a><\/li>\n<li><a href=\"http:\/\/amussol.org.do\/wp-content\/uploads\/2014\/05\/Solicitud-de-inclusion-seccion-trasporte.pdf\">Solicitud de inclusi<\/a><a href=\"http:\/\/amussol.org.do\/wp-content\/uploads\/2014\/05\/Contrato-de-gestion-solidaria.pdf\">\u00f3<\/a><a href=\"http:\/\/amussol.org.do\/wp-content\/uploads\/2014\/05\/Solicitud-de-inclusion-seccion-trasporte.pdf\">n &#8211; secci\u00f3n trasporte<\/a><\/li>\n<\/ul>\n","protected":false},"excerpt":{"rendered":"<p>&nbsp; \u00bfQui\u00e9nes pueden acceder a la seguridad social a trav\u00e9s de AMUSSOL? &nbsp; &nbsp; Requisitos para ingresar al SDSS a trav\u00e9s de AMUSSOL &#8211; CASC Para realizar su afiliaci\u00f3n, Usted debe presentarse en la oficina de AMUSSOL con la siguiente documentaci\u00f3n: Certificaci\u00f3n notariada del trabajo que realiza. Llenar y firmar formulario de AMUSSOL Llenar y [&hellip;]<\/p>\n","protected":false},"author":1,"featured_media":0,"parent":0,"menu_order":0,"comment_status":"open","ping_status":"open","template":"","meta":{"footnotes":""},"_links":{"self":[{"href":"https:\/\/amussol.org.do\/index.php?rest_route=\/wp\/v2\/pages\/24"}],"collection":[{"href":"https:\/\/amussol.org.do\/index.php?rest_route=\/wp\/v2\/pages"}],"about":[{"href":"https:\/\/amussol.org.do\/index.php?rest_route=\/wp\/v2\/types\/page"}],"author":[{"embeddable":true,"href":"https:\/\/amussol.org.do\/index.php?rest_route=\/wp\/v2\/users\/1"}],"replies":[{"embeddable":true,"href":"https:\/\/amussol.org.do\/index.php?rest_route=%2Fwp%2Fv2%2Fcomments&post=24"}],"version-history":[{"count":29,"href":"https:\/\/amussol.org.do\/index.php?rest_route=\/wp\/v2\/pages\/24\/revisions"}],"predecessor-version":[{"id":3704,"href":"https:\/\/amussol.org.do\/index.php?rest_route=\/wp\/v2\/pages\/24\/revisions\/3704"}],"wp:attachment":[{"href":"https:\/\/amussol.org.do\/index.php?rest_route=%2Fwp%2Fv2%2Fmedia&parent=24"}],"curies":[{"name":"wp","href":"https:\/\/api.w.org\/{rel}","templated":true}]}}