{"id":116,"date":"2014-07-23T18:01:41","date_gmt":"2014-07-23T18:01:41","guid":{"rendered":"http:\/\/amussol.org.do\/web\/?page_id=116"},"modified":"2025-11-19T11:35:24","modified_gmt":"2025-11-19T15:35:24","slug":"plan-vive-tranquilo","status":"publish","type":"page","link":"https:\/\/amussol.org.do\/?page_id=116","title":{"rendered":"PLAN VIVE TRANQUILO"},"content":{"rendered":"<p>&nbsp;<\/p>\n<p>Est\u00e1 concebido para que los Trabajadores(as) y sus familiares puedan hacerle frente a los gastos que se presentan en los momentos dif\u00edciles cuando perdemos a un ser querido.<\/p>\n<p>&nbsp;<\/p>\n<div style=\"width: 1280px;\" class=\"wp-video\"><!--[if lt IE 9]><script>document.createElement('video');<\/script><![endif]-->\n<video class=\"wp-video-shortcode\" id=\"video-116-1\" width=\"1280\" height=\"720\" poster=\"http:\/\/amussol.org.do\/wp-content\/uploads\/2025\/08\/Proyecto-nuevo-3-3.jpg\" preload=\"metadata\" controls=\"controls\"><source type=\"video\/mp4\" src=\"http:\/\/amussol.org.do\/wp-content\/uploads\/2025\/09\/202509040913.mp4?_=1\" \/><a href=\"http:\/\/amussol.org.do\/wp-content\/uploads\/2025\/09\/202509040913.mp4\">http:\/\/amussol.org.do\/wp-content\/uploads\/2025\/09\/202509040913.mp4<\/a><\/video><\/div>\n<p><a href=\"http:\/\/amussol.org.do\/wp-content\/uploads\/2025\/11\/Gemini_Generated_Image_s8vkgps8vkgps8vk-1-2.png\"><img fetchpriority=\"high\" decoding=\"async\" class=\"alignnone wp-image-3353 \" src=\"http:\/\/amussol.org.do\/wp-content\/uploads\/2025\/11\/Gemini_Generated_Image_s8vkgps8vkgps8vk-1-2.png\" alt=\"\" width=\"1267\" height=\"792\" srcset=\"https:\/\/amussol.org.do\/wp-content\/uploads\/2025\/11\/Gemini_Generated_Image_s8vkgps8vkgps8vk-1-2.png 1280w, https:\/\/amussol.org.do\/wp-content\/uploads\/2025\/11\/Gemini_Generated_Image_s8vkgps8vkgps8vk-1-2-300x188.png 300w, https:\/\/amussol.org.do\/wp-content\/uploads\/2025\/11\/Gemini_Generated_Image_s8vkgps8vkgps8vk-1-2-1024x640.png 1024w, https:\/\/amussol.org.do\/wp-content\/uploads\/2025\/11\/Gemini_Generated_Image_s8vkgps8vkgps8vk-1-2-768x480.png 768w\" sizes=\"(max-width: 1267px) 100vw, 1267px\" \/><\/a><\/p>\n<p><span style=\"color: #000000;\"><strong>Ofrecemos dos modalidades: <\/strong><\/span><\/p>\n<h5><span style=\"font-family: georgia, palatino, serif; color: #333333;\">&#8211; PLAN DE ULTIMOS GASTOS PLUS<\/span><\/h5>\n<p>Es un servicio de GASTOS FUNERARIOS que su cobertura incluye:<\/p>\n<ul>\n<li>Tr\u00e1mites de Oficial\u00eda4<\/li>\n<li>Cremaci\u00f3n o velatorio en la funeraria de su elecci\u00f3n<\/li>\n<li>\u00a0Recogida del fallecido<\/li>\n<li>\u00a0Cosmetizaci\u00f3n<\/li>\n<li>\u00a0Ata\u00fad<\/li>\n<li>\u00a0Velatorio en capilla o casa<\/li>\n<li>\u00a0Libro de registro de firma<\/li>\n<li>\u00a0Arreglo floral<\/li>\n<li>\u00a0Misa de cuerpo presente<\/li>\n<li>\u00a0Esquela mortuoria<\/li>\n<li>Traslado en carroza f\u00fanebre al cementerio<\/li>\n<li>Autob\u00fas para trasporte de los familiares (funeraria \u2013 cementerio \u2013 funeraria)<\/li>\n<li>Recordatorios<\/li>\n<li><strong>Cementerio de su elecci\u00f3n a Nivel Nacional, que incluye:<\/strong><\/li>\n<li>Nicho<\/li>\n<li>Servicios de inhumaci\u00f3n<\/li>\n<li>Descensor mec\u00e1nico (aplica para cementerios privados)<\/li>\n<li>L\u00e1pida con dise\u00f1o, inscripci\u00f3n y grabado<\/li>\n<li>Carpa<\/li>\n<li>Impuestos municipales por 5 a\u00f1os<\/li>\n<\/ul>\n<p><strong>Costo del Plan: <\/strong><\/p>\n<p>$150.00 mensuales<\/p>\n<p><strong>Requisito para la reclamaci\u00f3n: <\/strong><\/p>\n<p>Estar al d\u00eda en el pago de la mensualidad.<\/p>\n<p><strong>\u00a0<\/strong><\/p>\n<h5><span style=\"color: #333333;\"><strong><span style=\"font-family: georgia, palatino, serif;\">-PLAN SEGURO DE VIDA<\/span>:<\/strong><\/span><\/h5>\n<p>El \/ La beneficiario\/a recibe el monto de la cobertura asegurada cuando fallece el o la titular asegurado\/a.<\/p>\n<p>Tenemos varias coberturas:<\/p>\n<table style=\"border-collapse: collapse; width: 86.8132%; height: 130px;\">\n<tbody>\n<tr style=\"height: 24px;\">\n<td style=\"width: 32.3064%; height: 24px;\" width=\"310\"><\/td>\n<td style=\"width: 24.5153%; text-align: center; height: 24px;\"><strong>BENEFICIOS<\/strong><\/td>\n<td style=\"width: 31.7678%; text-align: center; height: 24px;\"><strong>MONTO A PAGAR MENSUAL<\/strong><\/td>\n<\/tr>\n<tr style=\"height: 10px;\">\n<td style=\"width: 32.3064%; height: 10px;\" width=\"310\">PLAN SEGURO DE VIDA NO.1<\/td>\n<td style=\"width: 24.5153%; height: 10px; text-align: center;\">RD$ 100,000.00<\/td>\n<td style=\"width: 31.7678%; height: 10px; text-align: center;\">RD$ 100.00 P\/P<\/td>\n<\/tr>\n<tr style=\"height: 14px;\">\n<td style=\"width: 32.3064%; height: 14px;\" width=\"310\">PLAN SEGURO DE VIDA NO.2<\/td>\n<td style=\"width: 24.5153%; height: 14px; text-align: center;\">RD$ 150,000.00<\/td>\n<td style=\"width: 31.7678%; height: 14px; text-align: center;\">RD$ 150.00 \u00adP\/P<\/td>\n<\/tr>\n<tr style=\"height: 10px;\">\n<td style=\"width: 32.3064%; height: 10px;\" width=\"310\">SEGURO DE VIDA FAMILIAR:<\/td>\n<td style=\"width: 24.5153%; height: 10px; text-align: center;\"><\/td>\n<td style=\"width: 31.7678%; height: 10px; text-align: center;\"><\/td>\n<\/tr>\n<tr style=\"height: 24px;\">\n<td style=\"width: 32.3064%; height: 24px;\">TITULAR<\/td>\n<td style=\"width: 24.5153%; height: 24px; text-align: center;\">RD$ 100,000.00<\/td>\n<td style=\"width: 31.7678%; height: 24px; text-align: center;\">RD$ 800.00 P\/P<\/td>\n<\/tr>\n<tr style=\"height: 24px;\">\n<td style=\"width: 32.3064%; height: 24px;\">CONYUGUE<\/td>\n<td style=\"width: 24.5153%; height: 24px; text-align: center;\">RD$\u00a0 \u00a060,000.00<\/td>\n<td style=\"width: 31.7678%; height: 24px; text-align: center;\"><\/td>\n<\/tr>\n<tr style=\"height: 24px;\">\n<td style=\"width: 32.3064%; height: 24px;\">HIJOS<\/td>\n<td style=\"width: 24.5153%; height: 24px; text-align: center;\">RD$\u00a0 \u00a040,000.00<\/td>\n<td style=\"width: 31.7678%; height: 24px; text-align: center;\"><\/td>\n<\/tr>\n<\/tbody>\n<\/table>\n<p>&nbsp;<\/p>\n<p><strong>Requisito para la reclamaci\u00f3n: <\/strong><\/p>\n<ul>\n<li>Estar al d\u00eda en el pago de la mensualidad.<\/li>\n<li>Fotocopia de la c\u00e9dula del fallecido\/a<\/li>\n<li>Acta de Defunci\u00f3n original<\/li>\n<li>Informe del m\u00e9dico tratante<\/li>\n<li>Declaraci\u00f3n llenada y firmada por el beneficiario<\/li>\n<li>Fotocopia de la c\u00e9dula del fallecido\/a<\/li>\n<li>Actas de nacimiento original y legalizadas de los beneficiarios<\/li>\n<li>Cualquier otro documento que la aseguradora estime necesario<\/li>\n<\/ul>\n<p>&nbsp;<\/p>\n<p><strong>Per\u00edodos de carencia:\u00a0\u00a0 <\/strong><\/p>\n<table style=\"width: 74.128%;\" width=\"605\">\n<tbody>\n<tr>\n<td style=\"width: 50.6601%;\" width=\"309\">\n<ul>\n<li>Muerte en caso de accidente:<\/li>\n<\/ul>\n<\/td>\n<td style=\"width: 48.0198%;\" width=\"295\">No se considera per\u00edodo de carencia<\/td>\n<\/tr>\n<tr>\n<td style=\"width: 50.6601%;\" width=\"309\">\n<ul>\n<li>Muerte por enfermedad:<\/li>\n<\/ul>\n<\/td>\n<td style=\"width: 48.0198%;\" width=\"295\">6 meses sin preexistencia<\/td>\n<\/tr>\n<tr>\n<td style=\"width: 50.6601%;\" width=\"309\">\n<ul>\n<li>Suicidio:<\/li>\n<\/ul>\n<\/td>\n<td style=\"width: 48.0198%;\" width=\"295\">2 a\u00f1os<\/td>\n<\/tr>\n<tr>\n<td style=\"width: 50.6601%;\" width=\"309\">\n<ul>\n<li>Des\u00f3rdenes inmunol\u00f3gicos, SIDA, etc.:<\/li>\n<\/ul>\n<\/td>\n<td style=\"width: 48.0198%;\" width=\"295\">2 a\u00f1os<\/td>\n<\/tr>\n<\/tbody>\n<\/table>\n<p><strong>\u00a0<\/strong><\/p>\n<p><strong>Cinco (5) Ventajas de nuestros Planes:\u00a0\u00a0 <\/strong><\/p>\n<ol>\n<li>Precio econ\u00f3mico<\/li>\n<li>L\u00edmite de ingreso: hasta 64 a\u00f1os<\/li>\n<li>Si el afiliado cumple los 70 a\u00f1os, no se excluye del Plan.<\/li>\n<li>Per\u00edodo de espera de vigencia para muerte natural de s\u00f3lo 90 d\u00edas.<\/li>\n<li>Contamos con el respaldo de una reaseguradora.<\/li>\n<\/ol>\n<p>&nbsp;<\/p>\n<p><strong>\u00bfC\u00f3mo afiliarse a nuestros Planes? <\/strong><\/p>\n<ul>\n<li>Contacte con nuestras oficinas o uno de nuestros promotores<\/li>\n<li>Llenar el formulario con los datos del Titular, dependientes y beneficiarios.<\/li>\n<li>Llenar el cuestionario de los <strong>Antecedentes M\u00e9dicos<\/strong> del Titular y de todos los dependientes.<\/li>\n<li>Anexar fotocopia de la c\u00e9dula del titular, los dependientes y beneficiarios (si es menor, acta de nacimiento).<\/li>\n<li>El formulario debe ser firmado por el titular.<\/li>\n<li>Abonar el pago (mes y dep\u00f3sito)<\/li>\n<\/ul>\n<p>&nbsp;<\/p>\n<p>&nbsp;<\/p>\n<p>&nbsp;<\/p>\n<p>&nbsp;<\/p>\n","protected":false},"excerpt":{"rendered":"<p>&nbsp; Est\u00e1 concebido para que los Trabajadores(as) y sus familiares puedan hacerle frente a los gastos que se presentan en los momentos dif\u00edciles cuando perdemos a un ser querido. &nbsp; Ofrecemos dos modalidades: &#8211; PLAN DE ULTIMOS GASTOS PLUS Es un servicio de GASTOS FUNERARIOS que su cobertura incluye: Tr\u00e1mites de Oficial\u00eda4 Cremaci\u00f3n o velatorio [&hellip;]<\/p>\n","protected":false},"author":1,"featured_media":0,"parent":0,"menu_order":0,"comment_status":"open","ping_status":"closed","template":"","meta":{"footnotes":""},"_links":{"self":[{"href":"https:\/\/amussol.org.do\/index.php?rest_route=\/wp\/v2\/pages\/116"}],"collection":[{"href":"https:\/\/amussol.org.do\/index.php?rest_route=\/wp\/v2\/pages"}],"about":[{"href":"https:\/\/amussol.org.do\/index.php?rest_route=\/wp\/v2\/types\/page"}],"author":[{"embeddable":true,"href":"https:\/\/amussol.org.do\/index.php?rest_route=\/wp\/v2\/users\/1"}],"replies":[{"embeddable":true,"href":"https:\/\/amussol.org.do\/index.php?rest_route=%2Fwp%2Fv2%2Fcomments&post=116"}],"version-history":[{"count":39,"href":"https:\/\/amussol.org.do\/index.php?rest_route=\/wp\/v2\/pages\/116\/revisions"}],"predecessor-version":[{"id":3354,"href":"https:\/\/amussol.org.do\/index.php?rest_route=\/wp\/v2\/pages\/116\/revisions\/3354"}],"wp:attachment":[{"href":"https:\/\/amussol.org.do\/index.php?rest_route=%2Fwp%2Fv2%2Fmedia&parent=116"}],"curies":[{"name":"wp","href":"https:\/\/api.w.org\/{rel}","templated":true}]}}